{"id":81,"date":"2018-10-28T20:16:58","date_gmt":"2018-10-28T19:16:58","guid":{"rendered":"http:\/\/fasso.de\/?page_id=81"},"modified":"2025-04-28T22:48:46","modified_gmt":"2025-04-28T21:48:46","slug":"unsere-mission","status":"publish","type":"page","link":"https:\/\/fasso.de\/?page_id=81","title":{"rendered":"Unsere Mission"},"content":{"rendered":"\n<p class=\"has-medium-font-size\">FASSO e.V. ist der <strong>F<\/strong>\u00f6rderverein der <strong>A<\/strong>lbert-<strong>S<\/strong>chweitzer-<strong>S<\/strong>chule in <strong>O<\/strong>kriftel. Wir m\u00f6chten Eltern, ehemalige Sch\u00fclerinnen und Sch\u00fcler, aber auch Firmen und Institutionen ansprechen \u2013 alle, die sich der Albert-Schweitzer-Schule verbunden f\u00fchlen und sich gerne f\u00fcr sie einsetzen m\u00f6chten.<\/p>\n\n\n\n<p class=\"has-medium-font-size\">Mit unserem Engagement und unseren finanziellen Mitteln\nunterst\u00fctzen wir viele Projekte der Schule und helfen an den Stellen, die das\nSchulbudget \u00fcbersteigen oder f\u00fcr die gar kein Budget vorhanden ist.<\/p>\n\n\n\n<p class=\"has-medium-font-size\">Besondere F\u00f6rderschwerpunkte sind:<\/p>\n\n\n\n<ul class=\"wp-block-list\">\n<li class=\"has-medium-font-size\">die Neugestaltung und Instandhaltung des sanierungsbed\u00fcrftigen Schulhofs<\/li>\n\n\n\n<li class=\"has-medium-font-size\">die F\u00f6rderung von Spiel- und Lernmaterial<\/li>\n\n\n\n<li class=\"has-medium-font-size\">die Unterst\u00fctzung von besonderen Lern- und Gemeinschaftsangeboten<br><\/li>\n<\/ul>\n\n\n\n<p><\/p>\n","protected":false},"excerpt":{"rendered":"<p>FASSO e.V. ist der F\u00f6rderverein der Albert-Schweitzer-Schule in Okriftel. Wir m\u00f6chten Eltern, ehemalige Sch\u00fclerinnen und Sch\u00fcler, aber auch Firmen und &hellip; <\/p>\n","protected":false},"author":1,"featured_media":87,"parent":0,"menu_order":0,"comment_status":"closed","ping_status":"closed","template":"","meta":{"inline_featured_image":false,"footnotes":""},"class_list":["post-81","page","type-page","status-publish","has-post-thumbnail","hentry"],"_links":{"self":[{"href":"https:\/\/fasso.de\/index.php?rest_route=\/wp\/v2\/pages\/81","targetHints":{"allow":["GET"]}}],"collection":[{"href":"https:\/\/fasso.de\/index.php?rest_route=\/wp\/v2\/pages"}],"about":[{"href":"https:\/\/fasso.de\/index.php?rest_route=\/wp\/v2\/types\/page"}],"author":[{"embeddable":true,"href":"https:\/\/fasso.de\/index.php?rest_route=\/wp\/v2\/users\/1"}],"replies":[{"embeddable":true,"href":"https:\/\/fasso.de\/index.php?rest_route=%2Fwp%2Fv2%2Fcomments&post=81"}],"version-history":[{"count":3,"href":"https:\/\/fasso.de\/index.php?rest_route=\/wp\/v2\/pages\/81\/revisions"}],"predecessor-version":[{"id":340,"href":"https:\/\/fasso.de\/index.php?rest_route=\/wp\/v2\/pages\/81\/revisions\/340"}],"wp:featuredmedia":[{"embeddable":true,"href":"https:\/\/fasso.de\/index.php?rest_route=\/wp\/v2\/media\/87"}],"wp:attachment":[{"href":"https:\/\/fasso.de\/index.php?rest_route=%2Fwp%2Fv2%2Fmedia&parent=81"}],"curies":[{"name":"wp","href":"https:\/\/api.w.org\/{rel}","templated":true}]}}