{"id":71,"date":"2018-10-28T17:58:01","date_gmt":"2018-10-28T16:58:01","guid":{"rendered":"http:\/\/fasso.de\/?page_id=71"},"modified":"2025-04-28T23:01:40","modified_gmt":"2025-04-28T22:01:40","slug":"vorstand","status":"publish","type":"page","link":"https:\/\/fasso.de\/?page_id=71","title":{"rendered":"Vorstand"},"content":{"rendered":"\n<p class=\"has-medium-font-size\">Auf der Mitgliederversammlung im Februar wurde ein neuer FASSO-Vorstand gew\u00e4hlt. An dieser Stelle m\u00f6chten wir den langj\u00e4hrigen Vorstandsmitgliedern ganz herzlich f\u00fcr ihre sehr engagierte und erfolgreiche Arbeit danken. Wir freuen uns, dass sich auch jetzt wieder interessierte und engagierte Eltern und FASSO-Mitglieder gefunden haben, die die Arbeit des Vereins fortsetzen werden.<\/p>\n\n\n<div class=\"wp-block-image is-style-default\">\n<figure class=\"aligncenter size-full\"><img loading=\"lazy\" decoding=\"async\" width=\"1610\" height=\"782\" src=\"https:\/\/fasso.de\/wp-content\/uploads\/2025\/04\/FASSO-Vorstand-2.jpg\" alt=\"\" class=\"wp-image-330\" srcset=\"https:\/\/fasso.de\/wp-content\/uploads\/2025\/04\/FASSO-Vorstand-2.jpg 1610w, https:\/\/fasso.de\/wp-content\/uploads\/2025\/04\/FASSO-Vorstand-2-300x146.jpg 300w, https:\/\/fasso.de\/wp-content\/uploads\/2025\/04\/FASSO-Vorstand-2-768x373.jpg 768w, https:\/\/fasso.de\/wp-content\/uploads\/2025\/04\/FASSO-Vorstand-2-1024x497.jpg 1024w\" sizes=\"auto, (max-width: 1610px) 100vw, 1610px\" \/><figcaption class=\"wp-element-caption\">   <\/figcaption><\/figure><\/div>\n\n\n<div class=\"wp-block-group\"><div class=\"wp-block-group__inner-container is-layout-constrained wp-block-group-is-layout-constrained\">\n<p class=\"has-medium-font-size\">Der neue Vorstand:<\/p>\n<\/div><\/div>\n\n\n\n<div class=\"wp-block-group has-small-font-size\"><div class=\"wp-block-group__inner-container is-layout-constrained wp-block-group-is-layout-constrained\">\n<ul class=\"wp-block-list\">\n<li class=\"has-medium-font-size\"><em>Erste Vorsitzende<\/em>: Kerstin Graf<\/li>\n\n\n\n<li class=\"has-medium-font-size\"><em>Zweiter Vorsitzender<\/em>: J\u00fcrgen Kett<\/li>\n\n\n\n<li class=\"has-medium-font-size\"><em>Kassiererin<\/em>: Susann Vorfalt<\/li>\n\n\n\n<li class=\"has-medium-font-size\"><em>Schriftf\u00fchrerin<\/em>: Florian Scharf<\/li>\n\n\n\n<li class=\"has-medium-font-size\"><em>Beisitzer<\/em>: Stefanie Fanssen, Simone K\u00e4ck, Julia Kolar, Tanja Kurth, Babrak Samadi<\/li>\n<\/ul>\n<\/div><\/div>\n","protected":false},"excerpt":{"rendered":"<p>Auf der Mitgliederversammlung im Februar wurde ein neuer FASSO-Vorstand gew\u00e4hlt. An dieser Stelle m\u00f6chten wir den langj\u00e4hrigen Vorstandsmitgliedern ganz herzlich &hellip; <\/p>\n","protected":false},"author":1,"featured_media":0,"parent":0,"menu_order":0,"comment_status":"closed","ping_status":"closed","template":"","meta":{"inline_featured_image":false,"footnotes":""},"class_list":["post-71","page","type-page","status-publish","hentry"],"_links":{"self":[{"href":"https:\/\/fasso.de\/index.php?rest_route=\/wp\/v2\/pages\/71","targetHints":{"allow":["GET"]}}],"collection":[{"href":"https:\/\/fasso.de\/index.php?rest_route=\/wp\/v2\/pages"}],"about":[{"href":"https:\/\/fasso.de\/index.php?rest_route=\/wp\/v2\/types\/page"}],"author":[{"embeddable":true,"href":"https:\/\/fasso.de\/index.php?rest_route=\/wp\/v2\/users\/1"}],"replies":[{"embeddable":true,"href":"https:\/\/fasso.de\/index.php?rest_route=%2Fwp%2Fv2%2Fcomments&post=71"}],"version-history":[{"count":16,"href":"https:\/\/fasso.de\/index.php?rest_route=\/wp\/v2\/pages\/71\/revisions"}],"predecessor-version":[{"id":344,"href":"https:\/\/fasso.de\/index.php?rest_route=\/wp\/v2\/pages\/71\/revisions\/344"}],"wp:attachment":[{"href":"https:\/\/fasso.de\/index.php?rest_route=%2Fwp%2Fv2%2Fmedia&parent=71"}],"curies":[{"name":"wp","href":"https:\/\/api.w.org\/{rel}","templated":true}]}}