{"id":66,"date":"2018-10-28T17:26:24","date_gmt":"2018-10-28T16:26:24","guid":{"rendered":"http:\/\/fasso.de\/?page_id=66"},"modified":"2025-04-28T22:57:22","modified_gmt":"2025-04-28T21:57:22","slug":"mitglied-werden","status":"publish","type":"page","link":"https:\/\/fasso.de\/?page_id=66","title":{"rendered":"Unterst\u00fctzen Sie unsere Arbeit durch Ihre Mitgliedschaft mit einem Jahresbetrag ab 20\u20ac!"},"content":{"rendered":"\n<div class=\"wp-block-file\"><a href=\"http:\/\/fasso.de\/wp-content\/uploads\/2016\/05\/Aufnahmeantrag_2018.pdf\" target=\"_blank\" rel=\"noreferrer noopener\">FASSO e.V. Aufnahmeantrag<\/a><a href=\"http:\/\/fasso.de\/wp-content\/uploads\/2016\/05\/Aufnahmeantrag_2018.pdf\" class=\"wp-block-file__button wp-element-button\" download>Download<\/a><\/div>\n\n\n\n<p class=\"has-text-color has-background has-medium-font-size\" style=\"color:#ffffff;background-color:#79b530\">Wir sind ein anerkannter <strong>gemeinn\u00fctziger Verein<\/strong>. Daher k\u00f6nnen Sie Spenden und Mitgliedsbeitr\u00e4ge steuerlich absetzen. Bei Spenden oder Beitr\u00e4gen bis 200 Euro j\u00e4hrlich gen\u00fcgt als Nachweis gegen\u00fcber dem Finanzamt ein <strong>Kontoauszug<\/strong>, <strong>\u00dcberweisungs-\u00a0<\/strong>oder <strong>Lastschrifteinzugsbeleg<\/strong>. Bei h\u00f6heren Betr\u00e4gen stellen wir selbstverst\u00e4ndlich eine Spendenquittung aus. <br><br>Eine K\u00fcndigung ist vier Wochen zum Jahresende per Mail an <a href=\"mailto:info@fasso.de\">info@fasso.de<\/a> m\u00f6glich.<\/p>\n\n\n\n<p class=\"has-small-font-size\"><br><\/p>\n","protected":false},"excerpt":{"rendered":"<p>Wir sind ein anerkannter gemeinn\u00fctziger Verein. Daher k\u00f6nnen Sie Spenden und Mitgliedsbeitr\u00e4ge steuerlich absetzen. Bei Spenden oder Beitr\u00e4gen bis 200 &hellip; <\/p>\n","protected":false},"author":1,"featured_media":64,"parent":0,"menu_order":0,"comment_status":"closed","ping_status":"closed","template":"","meta":{"inline_featured_image":false,"footnotes":""},"class_list":["post-66","page","type-page","status-publish","has-post-thumbnail","hentry"],"_links":{"self":[{"href":"https:\/\/fasso.de\/index.php?rest_route=\/wp\/v2\/pages\/66","targetHints":{"allow":["GET"]}}],"collection":[{"href":"https:\/\/fasso.de\/index.php?rest_route=\/wp\/v2\/pages"}],"about":[{"href":"https:\/\/fasso.de\/index.php?rest_route=\/wp\/v2\/types\/page"}],"author":[{"embeddable":true,"href":"https:\/\/fasso.de\/index.php?rest_route=\/wp\/v2\/users\/1"}],"replies":[{"embeddable":true,"href":"https:\/\/fasso.de\/index.php?rest_route=%2Fwp%2Fv2%2Fcomments&post=66"}],"version-history":[{"count":19,"href":"https:\/\/fasso.de\/index.php?rest_route=\/wp\/v2\/pages\/66\/revisions"}],"predecessor-version":[{"id":346,"href":"https:\/\/fasso.de\/index.php?rest_route=\/wp\/v2\/pages\/66\/revisions\/346"}],"wp:featuredmedia":[{"embeddable":true,"href":"https:\/\/fasso.de\/index.php?rest_route=\/wp\/v2\/media\/64"}],"wp:attachment":[{"href":"https:\/\/fasso.de\/index.php?rest_route=%2Fwp%2Fv2%2Fmedia&parent=66"}],"curies":[{"name":"wp","href":"https:\/\/api.w.org\/{rel}","templated":true}]}}